{"id":70,"date":"2010-03-15T13:26:31","date_gmt":"2010-03-15T13:26:31","guid":{"rendered":"http:\/\/www.spyderworks.de\/site1\/?page_id=70"},"modified":"2017-08-21T22:08:36","modified_gmt":"2017-08-21T20:08:36","slug":"home","status":"publish","type":"page","link":"http:\/\/www.stefan-rauch.de\/","title":{"rendered":"Home"},"content":{"rendered":"<h1 style=\"text-align: center;\">Herzlich Willkommen auf meiner Homepage!<\/h1>\n<p>&nbsp;<\/p>\n<p style=\"text-align: center;\">Hier berichte ich regelm\u00e4\u00dfig von meinen Aktivit\u00e4ten rund um den Triathlon. Neben Rennberichten gibt es auch Informationen \u00fcber mein Training, Equipment und sonstige Dinge, die sich um den Sport drehen.<\/p>\n<p style=\"text-align: center;\">Vielen Dank f\u00fcr das Interesse und viel Spa\u00df!<\/p>\n<table style=\"height: 101px;\" width=\"514\">\n<tbody>\n<tr>\n<td><a href=\"http:\/\/www.laufstil.de\" target=\"_blank\" rel=\"noopener\"><img loading=\"lazy\" decoding=\"async\" class=\"aligncenter\" src=\"http:\/\/www.stefan-rauch.de\/wp-content\/uploads\/2014\/02\/laufstil.png\" alt=\"laufstil\" width=\"249\" height=\"103\"\/><\/a><\/td>\n<\/tr>\n<tr>\n<td><a href=\"http:\/\/www.jiakina.com\" target=\"_blank\" rel=\"noopener\"><img loading=\"lazy\" decoding=\"async\" class=\" size-full wp-image-134701 aligncenter\" src=\"http:\/\/www.stefan-rauch.de\/wp-content\/uploads\/2010\/03\/2015-07-27_11h06_32.png\" alt=\"2015-07-27_11h06_32\" width=\"263\" height=\"101\"\/><\/a><\/td>\n<\/tr>\n<tr>\n<td><a href=\"http:\/\/www.sdk.de\/frank.schmitt\" target=\"_blank\" rel=\"noopener\"><img loading=\"lazy\" decoding=\"async\" class=\"aligncenter\" title=\"Vielen Dank f\u00fcr die Unterst\u00fctzung\" src=\"http:\/\/www.spyderworks.de\/site1\/wp-content\/uploads\/2010\/03\/h-sdk1.gif\" alt=\"\" width=\"236\" height=\"99\"\/><\/a><\/td>\n<\/tr>\n<\/tbody>\n<\/table>\n<p>&nbsp;<\/p>\n","protected":false},"excerpt":{"rendered":"<p>Herzlich Willkommen auf meiner Homepage! &nbsp; Hier berichte ich regelm\u00e4\u00dfig von meinen Aktivit\u00e4ten rund um den Triathlon. Neben Rennberichten gibt es auch Informationen \u00fcber mein Training, Equipment und sonstige Dinge, die sich um den Sport drehen. Vielen Dank f\u00fcr das Interesse und viel Spa\u00df! &nbsp;<\/p>\n","protected":false},"author":1,"featured_media":134985,"parent":0,"menu_order":0,"comment_status":"closed","ping_status":"open","template":"","meta":{"footnotes":""},"_links":{"self":[{"href":"http:\/\/www.stefan-rauch.de\/index.php?rest_route=\/wp\/v2\/pages\/70"}],"collection":[{"href":"http:\/\/www.stefan-rauch.de\/index.php?rest_route=\/wp\/v2\/pages"}],"about":[{"href":"http:\/\/www.stefan-rauch.de\/index.php?rest_route=\/wp\/v2\/types\/page"}],"author":[{"embeddable":true,"href":"http:\/\/www.stefan-rauch.de\/index.php?rest_route=\/wp\/v2\/users\/1"}],"replies":[{"embeddable":true,"href":"http:\/\/www.stefan-rauch.de\/index.php?rest_route=%2Fwp%2Fv2%2Fcomments&post=70"}],"version-history":[{"count":22,"href":"http:\/\/www.stefan-rauch.de\/index.php?rest_route=\/wp\/v2\/pages\/70\/revisions"}],"predecessor-version":[{"id":134997,"href":"http:\/\/www.stefan-rauch.de\/index.php?rest_route=\/wp\/v2\/pages\/70\/revisions\/134997"}],"wp:featuredmedia":[{"embeddable":true,"href":"http:\/\/www.stefan-rauch.de\/index.php?rest_route=\/wp\/v2\/media\/134985"}],"wp:attachment":[{"href":"http:\/\/www.stefan-rauch.de\/index.php?rest_route=%2Fwp%2Fv2%2Fmedia&parent=70"}],"curies":[{"name":"wp","href":"https:\/\/api.w.org\/{rel}","templated":true}]}}