{"id":3,"date":"2010-03-11T19:46:25","date_gmt":"2010-03-11T19:46:25","guid":{"rendered":"http:\/\/www.spyderworks.de\/site1\/?page_id=3"},"modified":"2014-02-18T22:48:20","modified_gmt":"2014-02-18T21:48:20","slug":"about","status":"publish","type":"page","link":"http:\/\/www.stefan-rauch.de\/?page_id=3","title":{"rendered":"About"},"content":{"rendered":"<table border=\"0\" cellspacing=\"0\" cellpadding=\"0\" align=\"left\">\n<tbody>\n<tr>\n<td colspan=\"2\" valign=\"top\" width=\"312\"><\/td>\n<td rowspan=\"10\" valign=\"top\" width=\"338\"><a href=\"http:\/\/www.spyderworks.de\/site1\/wp-content\/uploads\/2010\/03\/Daumen-hoch.jpg\"><img loading=\"lazy\" decoding=\"async\" class=\"aligncenter size-medium wp-image-630\" title=\"Daumen hoch\" alt=\"\" src=\"http:\/\/www.spyderworks.de\/site1\/wp-content\/uploads\/2010\/03\/Daumen-hoch-241x300.jpg\" width=\"241\" height=\"300\" srcset=\"http:\/\/www.stefan-rauch.de\/wp-content\/uploads\/2010\/03\/Daumen-hoch-241x300.jpg 241w, http:\/\/www.stefan-rauch.de\/wp-content\/uploads\/2010\/03\/Daumen-hoch.jpg 722w\" sizes=\"(max-width: 241px) 100vw, 241px\" \/><\/a><\/td>\n<\/tr>\n<tr>\n<td colspan=\"2\" valign=\"top\" width=\"312\">\n<h2>In aller K\u00fcrze:<\/h2>\n<\/td>\n<\/tr>\n<tr>\n<td valign=\"top\" width=\"138\">Name:<\/td>\n<td valign=\"top\" width=\"173\">Stefan Rauch<\/td>\n<\/tr>\n<tr>\n<td valign=\"top\" width=\"138\">Alter:<\/td>\n<td valign=\"top\" width=\"173\">35<\/td>\n<\/tr>\n<tr>\n<td valign=\"top\" width=\"138\">Gr\u00f6\u00dfe:<\/td>\n<td valign=\"top\" width=\"173\">1,73m<\/td>\n<\/tr>\n<tr>\n<td valign=\"top\" width=\"138\">Gewicht:<\/td>\n<td valign=\"top\" width=\"173\">63-65kg<\/td>\n<\/tr>\n<tr>\n<td valign=\"top\" width=\"138\">Wohnort:<\/td>\n<td valign=\"top\" width=\"173\">Lohr-Wombach<\/td>\n<\/tr>\n<tr>\n<td valign=\"top\" width=\"138\">Beruf:<\/td>\n<td valign=\"top\" width=\"173\">Software Entwickler<\/td>\n<\/tr>\n<tr>\n<td valign=\"top\" width=\"138\">Verein:<\/td>\n<td valign=\"top\" width=\"173\">RV Viktoria Wombach<\/td>\n<\/tr>\n<tr>\n<td valign=\"top\" width=\"138\">Trainer:<\/td>\n<td valign=\"top\" width=\"173\">Arne Dyck, Ute M\u00fcckel<\/td>\n<\/tr>\n<tr>\n<td valign=\"top\" width=\"138\">Lieblingswettkampf:<\/td>\n<td colspan=\"2\" valign=\"top\" width=\"512\">Ironman Frankfurt, L\u00e4ufe und Triathlons mit flachen Strecken<\/td>\n<\/tr>\n<tr>\n<td valign=\"top\" width=\"138\">Hobbies:<\/td>\n<td colspan=\"2\" valign=\"top\" width=\"512\">Hausautomatisierung, Kino und Film, Sachen ausprobieren, Fahrrad putzen<\/td>\n<\/tr>\n<tr>\n<td valign=\"top\" width=\"138\">Am liebsten:<\/td>\n<td colspan=\"2\" valign=\"top\" width=\"512\">Ausschwimmen, schnelle Intervalle auf der Stadionbahn und GA3- auf der &#8222;Zeitmaschine&#8220;<\/td>\n<\/tr>\n<tr>\n<td valign=\"top\" width=\"138\">Weniger gern:<\/td>\n<td colspan=\"2\" valign=\"top\" width=\"512\">Training auf der Rolle und dem Laufband<\/td>\n<\/tr>\n<tr>\n<td colspan=\"3\" valign=\"top\" width=\"650\"><\/td>\n<\/tr>\n<tr>\n<td colspan=\"3\" valign=\"top\" width=\"650\">\n<h2>Wie ich zum Triathlon kam:<\/h2>\n<p>Als aktiver Radfahrer verfolgte ich 2006 den Ironman Frankfurt als Zuschauer weil mein Freund Frank dort teilnahm. Beim Zuschauen versp\u00fcrte ich das erste Mal den Wunsch, bei sowas mitzumachen. Nach dem dieser Wunsch ein Jahr lang reifen konnte und ich auch auf der Suche nach einer neuen sportlichen Herausforderung war, meldete ich mich 2007 direkt nach dem Rennen f\u00fcr das Folgejahr f\u00fcr den Ironman Germany an.<\/p>\n<p>Mit diesem Ziel, aber keiner Erfahrung im wettkamporientieren Laufen und vor allem Schwimmen habe ich mich der Lauf- und Triathlonabteilung beim RV Viktoria Wombach angeschlossen und dort schnell Anschluss gefunden. Um mich auf die Schwimmstrecke von 3,8 km vorzubereiten, holte ich mir professionelle Hilfe in entsprechenden Seminaren.<\/p>\n<p>Nach ersten Testwettk\u00e4mpfen konnte ich dann im Juli meinen ersten Ironman finishen \u2013 und das in weniger als 10h. Durch diesen Erfolg motiviert bertreibe ich seitdem diesen Sport mit mehr und mehr Engagement und setze mir jedes Jahr h\u00f6here Ziele.<\/td>\n<\/tr>\n<\/tbody>\n<\/table>\n<p><\/p>\n","protected":false},"excerpt":{"rendered":"<p>In aller K\u00fcrze: Name: Stefan Rauch Alter: 35 Gr\u00f6\u00dfe: 1,73m Gewicht: 63-65kg Wohnort: Lohr-Wombach Beruf: Software Entwickler Verein: RV Viktoria Wombach Trainer: Arne Dyck, Ute M\u00fcckel Lieblingswettkampf: Ironman Frankfurt, L\u00e4ufe und Triathlons mit flachen Strecken Hobbies: Hausautomatisierung, Kino und Film, Sachen ausprobieren, Fahrrad putzen Am liebsten: Ausschwimmen, schnelle Intervalle auf der Stadionbahn und GA3- auf &hellip; <a href=\"http:\/\/www.stefan-rauch.de\/?page_id=3\" class=\"more-link\"><span class=\"screen-reader-text\">About<\/span> weiterlesen <span class=\"meta-nav\">&rarr;<\/span><\/a><\/p>\n","protected":false},"author":1,"featured_media":0,"parent":0,"menu_order":25,"comment_status":"open","ping_status":"open","template":"","meta":{"footnotes":""},"_links":{"self":[{"href":"http:\/\/www.stefan-rauch.de\/index.php?rest_route=\/wp\/v2\/pages\/3"}],"collection":[{"href":"http:\/\/www.stefan-rauch.de\/index.php?rest_route=\/wp\/v2\/pages"}],"about":[{"href":"http:\/\/www.stefan-rauch.de\/index.php?rest_route=\/wp\/v2\/types\/page"}],"author":[{"embeddable":true,"href":"http:\/\/www.stefan-rauch.de\/index.php?rest_route=\/wp\/v2\/users\/1"}],"replies":[{"embeddable":true,"href":"http:\/\/www.stefan-rauch.de\/index.php?rest_route=%2Fwp%2Fv2%2Fcomments&post=3"}],"version-history":[{"count":1,"href":"http:\/\/www.stefan-rauch.de\/index.php?rest_route=\/wp\/v2\/pages\/3\/revisions"}],"predecessor-version":[{"id":133762,"href":"http:\/\/www.stefan-rauch.de\/index.php?rest_route=\/wp\/v2\/pages\/3\/revisions\/133762"}],"wp:attachment":[{"href":"http:\/\/www.stefan-rauch.de\/index.php?rest_route=%2Fwp%2Fv2%2Fmedia&parent=3"}],"curies":[{"name":"wp","href":"https:\/\/api.w.org\/{rel}","templated":true}]}}